{"id":854,"date":"2024-07-10T06:42:01","date_gmt":"2024-07-10T06:42:01","guid":{"rendered":"https:\/\/todun2007.com\/?post_type=product&#038;p=854"},"modified":"2024-07-10T06:42:01","modified_gmt":"2024-07-10T06:42:01","slug":"td5800c-d","status":"publish","type":"product","link":"https:\/\/todun2007.com\/index.php\/product\/td5800c-d\/","title":{"rendered":"TD5800c\/d"},"content":{"rendered":"<h2>Wireless conference system microphone<img fetchpriority=\"high\" decoding=\"async\" class=\"alignnone size-medium wp-image-855\" src=\"http:\/\/todun2007.com\/wp-content\/uploads\/2024\/07\/TD5800c-300x300.jpg\" alt=\"\" width=\"300\" height=\"300\" srcset=\"https:\/\/todun2007.com\/wp-content\/uploads\/2024\/07\/TD5800c-300x300.jpg 300w, https:\/\/todun2007.com\/wp-content\/uploads\/2024\/07\/TD5800c-1024x1024.jpg 1024w, https:\/\/todun2007.com\/wp-content\/uploads\/2024\/07\/TD5800c-150x150.jpg 150w, https:\/\/todun2007.com\/wp-content\/uploads\/2024\/07\/TD5800c-768x768.jpg 768w, https:\/\/todun2007.com\/wp-content\/uploads\/2024\/07\/TD5800c-600x600.jpg 600w, https:\/\/todun2007.com\/wp-content\/uploads\/2024\/07\/TD5800c-100x100.jpg 100w, https:\/\/todun2007.com\/wp-content\/uploads\/2024\/07\/TD5800c.jpg 1080w\" sizes=\"(max-width: 300px) 100vw, 300px\" \/><\/h2>\n<p>Function parameter:<br \/>\n\u25cfAdopt FM frequency modulation to realize sound signal transmission, with high fidelity, high signal-to-noise ratio and no sound delay. Using a unique new anti-howling unidirectional high-sensitivity capacitive microphone core, the conference sound is almost perfect.<br \/>\n\u25cfAudio channels and control channels are transmitted wirelessly, without the need to lay cables, and the signal coverage can be moved anywhere within the park, making the layout of the venue convenient and flexible.<br \/>\n\u25cfIndependently developed data communication algorithm for conference applications, so that within the signal range, the system response speed is not affected by the number of attending units. Users can flexibly increase or decrease attendance units. The factory default system attendance unit capacity is \u2266255 (including 1 chairperson).<br \/>\n\u25cfIt has various conference speech modes including rotation 1-2-3-4, restriction 1-2-3-4, and chairman exclusive. The main control computer can be connected to an external video host to realize the video tracking function of the attending units at the venue.<br \/>\n\u25cfUltra-low power consumption, the attendance unit has a continuous speaking time of more than 8 hours and a standby time of more than 20 hours; both AA-size ordinary batteries or the manufacturer&#8217;s original lithium batteries can be used. The matching charging box has an intelligent charging management circuit to effectively protect the battery, extend battery life and ensure safety.<br \/>\n\u25cfLarge screen LCD display. Hierarchical menu design makes operation simple and convenient. And it has many functions such as power display and under-voltage warning, frequency channel and signal indication.<\/p>\n<pre class=\"tw-data-text tw-text-large tw-ta\" dir=\"ltr\" data-placeholder=\"\u7ffb\u8bd1\" aria-label=\"\u8bd1\u6587\" data-ved=\"2ahUKEwjT4KiXlZuHAxU_JzQIHT9AAtYQ3ewLegQIBhAU\"><span class=\"Y2IQFc\" lang=\"en\">\u25cfThe main controller adopts an all-metal structure design, which is solemn and elegant; the attendance unit is made of engineering plastic material with a novel appearance design and built-in antenna, which is beautiful and decent.\r\n\r\nTechnical Parameters:\r\n\u25cf System audio frequency response: 50Hz ~16KHz;\r\n\u25cf System signal-to-noise ratio is greater than 85dB\r\n\u25cf Working voltage: DC12V\r\n\u25cf Can be installed in a 19-inch standard cabinet\r\n\r\n\r\nWireless chairman unit (lithium battery\/dry cell battery) TD5800c\r\n\r\nTechnical specifications of the microphone of the attending unit\r\n\u25cfWorking power supply: DC 3.7V -- 4.5V\r\n\u25cfPower consumption: standby \u2266360mW, talking state \u2266630mW\r\n\u25cfOperating temperature -10\u2103 -- 40\u2103\r\n\u25cfMicrophone pole length: 400mm\r\n\u25cfDimensions (W\u00d7H\u00d7D): 170mm\u00d75.8mm (excluding microphone rod)\u00d7120mm\r\n\u25cfWeight: 0.6 kg\r\n<\/span><\/pre>\n<pre id=\"tw-target-text\" class=\"tw-data-text tw-text-large tw-ta\" dir=\"ltr\" data-placeholder=\"\u7ffb\u8bd1\" aria-label=\"\u8bd1\u6587\" data-ved=\"2ahUKEwjT4KiXlZuHAxU_JzQIHT9AAtYQ3ewLegQIBhAU\"><span class=\"Y2IQFc\" lang=\"en\">audio channel\r\n\u25cfCommunication method: UHF wireless method (one-way)\r\n\u25cfNumber of channels: 5 (1 chairman unit channel, 4 representative unit channels)\r\n\u25cfFrequency range: (frequency range is available in the range of 500MHz --- 950MHz)\r\n\u25cfModulation method: FM\r\n\u25cfMaximum modulation amount: 60K\r\n\u25cfRadiated power: \u2266+9dBm\r\n\u25cfFrequency deviation: &lt;0.002\r\n\u25cfReference speaking distance: 10cm--30cm\r\n              \r\ncontrol channel\r\n\u25cfCommunication method: wireless (two-way)\r\n\u25cfNumber of channels: 16\r\n\u25cfFrequency range: 422.4MHz -- 438.4MHz\r\n\u25cfModulation method: FSK\r\n\u25cfReceive sensitivity: -100dBm\r\n\u25cfRadiated power: \u2266+6dBm\r\n\u25cfFrequency deviation: &lt;0.002\r\n\u25cfData rate: 100KBPS\r\n\r\n\r\nWireless representative unit (lithium battery\/dry cell battery) TD5800d\r\n\r\nTechnical specifications of the microphone of the attending unit\r\n\u25cfWorking power supply: DC 3.7V -- 4.5V\r\n\u25cfPower consumption: standby \u2266360mW, talking state \u2266630mW\r\n\u25cfOperating temperature -10\u2103 -- 40\u2103\r\n\u25cfMicrophone pole length: 400mm\r\n\u25cfDimensions (W\u00d7H\u00d7D): 170mm\u00d75.8mm (excluding microphone rod)\u00d7120mm\r\n\u25cfWeight: 0.6 kg\r\naudio channel\r\n\u25cfCommunication method: UHF wireless method (one-way)\r\n\u25cfNumber of channels: 5 (1 chairman unit channel, 4 representative unit channels)\r\n\u25cfFrequency range: (frequency range is available in the range of 500MHz --- 950MHz)\r\n\u25cfModulation method: FM\r\n\u25cfMaximum modulation amount: 60K\r\n\u25cfRadiated power: \u2266+9dBm\r\n\u25cfFrequency deviation: &lt;0.002\r\n\u25cfReference speaking distance: 10cm--30cm\r\n\r\ncontrol channel\r\n\u25cfCommunication method: wireless (two-way)\r\n\u25cfNumber of channels: 16\r\n\u25cfFrequency range: 422.4MHz -- 438.4MHz\r\n\u25cfModulation method: FSK\r\n\u25cfReceive sensitivity: -100dBm\r\n\u25cfRadiated power: \u2266+6dBm\r\n\u25cfFrequency deviation: &lt;0.002\r\n\u25cfData rate: 100KBPS<\/span><\/pre>\n<pre id=\"tw-target-text\" class=\"tw-data-text tw-text-large tw-ta\" dir=\"ltr\" data-placeholder=\"\u7ffb\u8bd1\" aria-label=\"\u8bd1\u6587\" data-ved=\"2ahUKEwjT4KiXlZuHAxU_JzQIHT9AAtYQ3ewLegQIBhAU\"><\/pre>\n","protected":false},"excerpt":{"rendered":"<h1>Wireless conference system microphone<\/h1>\n","protected":false},"featured_media":855,"comment_status":"open","ping_status":"closed","template":"","meta":{"site-sidebar-layout":"default","site-content-layout":"","ast-site-content-layout":"default","site-content-style":"default","site-sidebar-style":"default","ast-global-header-display":"","ast-banner-title-visibility":"","ast-main-header-display":"","ast-hfb-above-header-display":"","ast-hfb-below-header-display":"","ast-hfb-mobile-header-display":"","site-post-title":"","ast-breadcrumbs-content":"","ast-featured-img":"","footer-sml-layout":"","theme-transparent-header-meta":"default","adv-header-id-meta":"","stick-header-meta":"","header-above-stick-meta":"","header-main-stick-meta":"","header-below-stick-meta":"","astra-migrate-meta-layouts":"set","ast-page-background-enabled":"default","ast-page-background-meta":{"desktop":{"background-color":"var(--ast-global-color-4)","background-image":"","background-repeat":"repeat","background-position":"center center","background-size":"auto","background-attachment":"scroll","background-type":"","background-media":"","overlay-type":"","overlay-color":"","overlay-opacity":"","overlay-gradient":""},"tablet":{"background-color":"","background-image":"","background-repeat":"repeat","background-position":"center center","background-size":"auto","background-attachment":"scroll","background-type":"","background-media":"","overlay-type":"","overlay-color":"","overlay-opacity":"","overlay-gradient":""},"mobile":{"background-color":"","background-image":"","background-repeat":"repeat","background-position":"center center","background-size":"auto","background-attachment":"scroll","background-type":"","background-media":"","overlay-type":"","overlay-color":"","overlay-opacity":"","overlay-gradient":""}},"ast-content-background-meta":{"desktop":{"background-color":"var(--ast-global-color-5)","background-image":"","background-repeat":"repeat","background-position":"center center","background-size":"auto","background-attachment":"scroll","background-type":"","background-media":"","overlay-type":"","overlay-color":"","overlay-opacity":"","overlay-gradient":""},"tablet":{"background-color":"var(--ast-global-color-5)","background-image":"","background-repeat":"repeat","background-position":"center center","background-size":"auto","background-attachment":"scroll","background-type":"","background-media":"","overlay-type":"","overlay-color":"","overlay-opacity":"","overlay-gradient":""},"mobile":{"background-color":"var(--ast-global-color-5)","background-image":"","background-repeat":"repeat","background-position":"center center","background-size":"auto","background-attachment":"scroll","background-type":"","background-media":"","overlay-type":"","overlay-color":"","overlay-opacity":"","overlay-gradient":""}}},"product_brand":[],"product_cat":[47],"product_tag":[],"class_list":{"0":"post-854","1":"product","2":"type-product","3":"status-publish","4":"has-post-thumbnail","6":"product_cat-wireless-conference-system","7":"desktop-align-left","8":"tablet-align-left","9":"mobile-align-left","11":"first","12":"instock","13":"shipping-taxable","14":"product-type-simple"},"_links":{"self":[{"href":"https:\/\/todun2007.com\/index.php\/wp-json\/wp\/v2\/product\/854","targetHints":{"allow":["GET"]}}],"collection":[{"href":"https:\/\/todun2007.com\/index.php\/wp-json\/wp\/v2\/product"}],"about":[{"href":"https:\/\/todun2007.com\/index.php\/wp-json\/wp\/v2\/types\/product"}],"replies":[{"embeddable":true,"href":"https:\/\/todun2007.com\/index.php\/wp-json\/wp\/v2\/comments?post=854"}],"wp:featuredmedia":[{"embeddable":true,"href":"https:\/\/todun2007.com\/index.php\/wp-json\/wp\/v2\/media\/855"}],"wp:attachment":[{"href":"https:\/\/todun2007.com\/index.php\/wp-json\/wp\/v2\/media?parent=854"}],"wp:term":[{"taxonomy":"product_brand","embeddable":true,"href":"https:\/\/todun2007.com\/index.php\/wp-json\/wp\/v2\/product_brand?post=854"},{"taxonomy":"product_cat","embeddable":true,"href":"https:\/\/todun2007.com\/index.php\/wp-json\/wp\/v2\/product_cat?post=854"},{"taxonomy":"product_tag","embeddable":true,"href":"https:\/\/todun2007.com\/index.php\/wp-json\/wp\/v2\/product_tag?post=854"}],"curies":[{"name":"wp","href":"https:\/\/api.w.org\/{rel}","templated":true}]}}