{"id":891,"date":"2024-07-10T07:48:10","date_gmt":"2024-07-10T07:48:10","guid":{"rendered":"https:\/\/todun2007.com\/?post_type=product&#038;p=891"},"modified":"2024-07-10T08:00:06","modified_gmt":"2024-07-10T08:00:06","slug":"td6800c-d","status":"publish","type":"product","link":"https:\/\/todun2007.com\/index.php\/product\/td6800c-d\/","title":{"rendered":"TD6800c\/d"},"content":{"rendered":"<h2>Wireless conference attendance unit microphone<img fetchpriority=\"high\" decoding=\"async\" class=\"alignnone size-medium wp-image-894\" src=\"http:\/\/todun2007.com\/wp-content\/uploads\/2024\/07\/TD6800c-300x300.jpg\" alt=\"\" width=\"300\" height=\"300\" srcset=\"https:\/\/todun2007.com\/wp-content\/uploads\/2024\/07\/TD6800c-300x300.jpg 300w, https:\/\/todun2007.com\/wp-content\/uploads\/2024\/07\/TD6800c-1024x1024.jpg 1024w, https:\/\/todun2007.com\/wp-content\/uploads\/2024\/07\/TD6800c-150x150.jpg 150w, https:\/\/todun2007.com\/wp-content\/uploads\/2024\/07\/TD6800c-768x768.jpg 768w, https:\/\/todun2007.com\/wp-content\/uploads\/2024\/07\/TD6800c-600x600.jpg 600w, https:\/\/todun2007.com\/wp-content\/uploads\/2024\/07\/TD6800c-100x100.jpg 100w, https:\/\/todun2007.com\/wp-content\/uploads\/2024\/07\/TD6800c.jpg 1080w\" sizes=\"(max-width: 300px) 100vw, 300px\" \/><\/h2>\n<pre id=\"tw-target-text\" class=\"tw-data-text tw-text-large tw-ta\" dir=\"ltr\" data-placeholder=\"\u7ffb\u8bd1\" aria-label=\"\u8bd1\u6587\" data-ved=\"2ahUKEwjT4KiXlZuHAxU_JzQIHT9AAtYQ3ewLegQIBhAU\"><span class=\"Y2IQFc\" lang=\"en\">Technical specifications of the microphone of the attending unit\r\n\r\n\u25cfWorking power supply: DC 3.7V -- 4.5V\r\n\r\n\u25cfPower consumption: standby \u2266360mW, talking state \u2266630mW\r\n\r\n\u25cfOperating temperature -10\u2103 -- 40\u2103\r\n\r\n\u25cfMicrophone pole length: 400mm\r\n\r\n\u25cfDimensions (W\u00d7H\u00d7D): 170mm\u00d75.8mm (excluding microphone rod)\u00d7120mm\r\n\r\n\u25cfWeight: 0.6 kg\r\n\r\n               \r\n\r\naudio channel\r\n\r\n\u25cfCommunication method: UHF wireless method (one-way)\r\n\r\n\u25cfNumber of channels: 5 (1 chairman unit channel, 4 representative unit channels)\r\n\r\n\u25cfFrequency range: (frequency range is available in the range of 500MHz --- 950MHz)\r\n\r\n\u25cfModulation method: FM\r\n\r\n\u25cfMaximum modulation amount: 60K\r\n\r\n\u25cfRadiated power: \u2266+9dBm\r\n\r\n\u25cfFrequency deviation: &lt;0.002\r\n\r\n\u25cfReference speaking distance: 10cm--30cm\r\n\r\n\r\n\r\n\r\ncontrol channel\r\n\r\n\u25cfCommunication method: wireless (two-way)\r\n\r\n\u25cfNumber of channels: 16\r\n\r\n\u25cfFrequency range: 422.4MHz -- 438.4MHz\r\n\r\n\u25cfModulation method: FSK\r\n\r\n\u25cfReceive sensitivity: -100dBm\r\n\r\n\u25cfRadiated power: \u2266+6dBm\r\n\r\n\u25cfFrequency deviation: &lt;0.002\r\n\r\n\u25cfData rate: 100KBPS<\/span><\/pre>\n","protected":false},"excerpt":{"rendered":"<h1>Wireless conference attendance unit microphone<\/h1>\n","protected":false},"featured_media":894,"comment_status":"open","ping_status":"closed","template":"","meta":{"site-sidebar-layout":"default","site-content-layout":"","ast-site-content-layout":"default","site-content-style":"default","site-sidebar-style":"default","ast-global-header-display":"","ast-banner-title-visibility":"","ast-main-header-display":"","ast-hfb-above-header-display":"","ast-hfb-below-header-display":"","ast-hfb-mobile-header-display":"","site-post-title":"","ast-breadcrumbs-content":"","ast-featured-img":"","footer-sml-layout":"","theme-transparent-header-meta":"default","adv-header-id-meta":"","stick-header-meta":"","header-above-stick-meta":"","header-main-stick-meta":"","header-below-stick-meta":"","astra-migrate-meta-layouts":"set","ast-page-background-enabled":"default","ast-page-background-meta":{"desktop":{"background-color":"var(--ast-global-color-4)","background-image":"","background-repeat":"repeat","background-position":"center center","background-size":"auto","background-attachment":"scroll","background-type":"","background-media":"","overlay-type":"","overlay-color":"","overlay-opacity":"","overlay-gradient":""},"tablet":{"background-color":"","background-image":"","background-repeat":"repeat","background-position":"center center","background-size":"auto","background-attachment":"scroll","background-type":"","background-media":"","overlay-type":"","overlay-color":"","overlay-opacity":"","overlay-gradient":""},"mobile":{"background-color":"","background-image":"","background-repeat":"repeat","background-position":"center center","background-size":"auto","background-attachment":"scroll","background-type":"","background-media":"","overlay-type":"","overlay-color":"","overlay-opacity":"","overlay-gradient":""}},"ast-content-background-meta":{"desktop":{"background-color":"var(--ast-global-color-5)","background-image":"","background-repeat":"repeat","background-position":"center center","background-size":"auto","background-attachment":"scroll","background-type":"","background-media":"","overlay-type":"","overlay-color":"","overlay-opacity":"","overlay-gradient":""},"tablet":{"background-color":"var(--ast-global-color-5)","background-image":"","background-repeat":"repeat","background-position":"center center","background-size":"auto","background-attachment":"scroll","background-type":"","background-media":"","overlay-type":"","overlay-color":"","overlay-opacity":"","overlay-gradient":""},"mobile":{"background-color":"var(--ast-global-color-5)","background-image":"","background-repeat":"repeat","background-position":"center center","background-size":"auto","background-attachment":"scroll","background-type":"","background-media":"","overlay-type":"","overlay-color":"","overlay-opacity":"","overlay-gradient":""}}},"product_brand":[],"product_cat":[47],"product_tag":[],"class_list":{"0":"post-891","1":"product","2":"type-product","3":"status-publish","4":"has-post-thumbnail","6":"product_cat-wireless-conference-system","7":"desktop-align-left","8":"tablet-align-left","9":"mobile-align-left","11":"first","12":"instock","13":"shipping-taxable","14":"product-type-simple"},"_links":{"self":[{"href":"https:\/\/todun2007.com\/index.php\/wp-json\/wp\/v2\/product\/891","targetHints":{"allow":["GET"]}}],"collection":[{"href":"https:\/\/todun2007.com\/index.php\/wp-json\/wp\/v2\/product"}],"about":[{"href":"https:\/\/todun2007.com\/index.php\/wp-json\/wp\/v2\/types\/product"}],"replies":[{"embeddable":true,"href":"https:\/\/todun2007.com\/index.php\/wp-json\/wp\/v2\/comments?post=891"}],"wp:featuredmedia":[{"embeddable":true,"href":"https:\/\/todun2007.com\/index.php\/wp-json\/wp\/v2\/media\/894"}],"wp:attachment":[{"href":"https:\/\/todun2007.com\/index.php\/wp-json\/wp\/v2\/media?parent=891"}],"wp:term":[{"taxonomy":"product_brand","embeddable":true,"href":"https:\/\/todun2007.com\/index.php\/wp-json\/wp\/v2\/product_brand?post=891"},{"taxonomy":"product_cat","embeddable":true,"href":"https:\/\/todun2007.com\/index.php\/wp-json\/wp\/v2\/product_cat?post=891"},{"taxonomy":"product_tag","embeddable":true,"href":"https:\/\/todun2007.com\/index.php\/wp-json\/wp\/v2\/product_tag?post=891"}],"curies":[{"name":"wp","href":"https:\/\/api.w.org\/{rel}","templated":true}]}}