{"id":925,"date":"2024-07-11T02:19:01","date_gmt":"2024-07-11T02:19:01","guid":{"rendered":"https:\/\/todun2007.com\/?post_type=product&#038;p=925"},"modified":"2024-07-11T02:19:01","modified_gmt":"2024-07-11T02:19:01","slug":"td88","status":"publish","type":"product","link":"https:\/\/todun2007.com\/index.php\/product\/td88\/","title":{"rendered":"TD88"},"content":{"rendered":"<h2>Wireless professional conference microphone<img fetchpriority=\"high\" decoding=\"async\" class=\"alignnone size-medium wp-image-926\" src=\"http:\/\/todun2007.com\/wp-content\/uploads\/2024\/07\/TD88\u9ad8\u6e05-300x300.jpg\" alt=\"\" width=\"300\" height=\"300\" srcset=\"https:\/\/todun2007.com\/wp-content\/uploads\/2024\/07\/TD88\u9ad8\u6e05-300x300.jpg 300w, https:\/\/todun2007.com\/wp-content\/uploads\/2024\/07\/TD88\u9ad8\u6e05-1024x1024.jpg 1024w, https:\/\/todun2007.com\/wp-content\/uploads\/2024\/07\/TD88\u9ad8\u6e05-150x150.jpg 150w, https:\/\/todun2007.com\/wp-content\/uploads\/2024\/07\/TD88\u9ad8\u6e05-768x768.jpg 768w, https:\/\/todun2007.com\/wp-content\/uploads\/2024\/07\/TD88\u9ad8\u6e05-600x600.jpg 600w, https:\/\/todun2007.com\/wp-content\/uploads\/2024\/07\/TD88\u9ad8\u6e05-100x100.jpg 100w, https:\/\/todun2007.com\/wp-content\/uploads\/2024\/07\/TD88\u9ad8\u6e05.jpg 1200w\" sizes=\"(max-width: 300px) 100vw, 300px\" \/><\/h2>\n<p>Desktop shockproof conference microphone with switch and indicator. The microphone rod and output connection adopt a spiral structure. The elegant appearance and built-in high-tech specifications and wiring make it suitable for conferences, broadcasting and communication purposes. The base is made of solid metal with anti-reflective surface treatment. The built-in shock-proof design can prevent noise caused by vibration.<\/p>\n<p>\u25cfConversion method: permanent polarity capacitive type<\/p>\n<p>\u25cfFrequency response: 30Hz-20KHz<\/p>\n<p>\u25cfDirectivity: Unidirectional<\/p>\n<p>\u25cfOutput impedance (ohms): 75\u03a9<\/p>\n<p>\u25cfSensitivity: -45dB<\/p>\n<p>\u25cfMaximum input volume: 138dB sound pressure<\/p>\n<p>\u25cfDynamic range: 109dB, 1KHz<\/p>\n<p>\u25cfSignal to noise ratio: 65d<\/p>\n<p>\u25cfPower supply voltage: DC3V\/phantom 48V<\/p>\n<p>\u25cfMicrophone tube length: 265mm<\/p>\n<p>\u25cfMicrophone cable length and configuration: 10 meters double core, cardon female + cardon male<\/p>\n<p>\u25cfMicrophone weight: 0.87KG<\/p>\n<p>\u25cfBase specifications (width \u00d7 depth \u00d7 height) mm: 94 \u00d7 143 \u00d7 44<\/p>\n<p>\u25cfOutput, indication: balance, stand lamp<\/p>\n<p>\u25cfAnti-mobile phone, electromagnetic, high-frequency interference<\/p>\n","protected":false},"excerpt":{"rendered":"<h2>Wireless professional conference microphone<\/h2>\n","protected":false},"featured_media":926,"comment_status":"open","ping_status":"closed","template":"","meta":{"site-sidebar-layout":"default","site-content-layout":"","ast-site-content-layout":"default","site-content-style":"default","site-sidebar-style":"default","ast-global-header-display":"","ast-banner-title-visibility":"","ast-main-header-display":"","ast-hfb-above-header-display":"","ast-hfb-below-header-display":"","ast-hfb-mobile-header-display":"","site-post-title":"","ast-breadcrumbs-content":"","ast-featured-img":"","footer-sml-layout":"","theme-transparent-header-meta":"default","adv-header-id-meta":"","stick-header-meta":"","header-above-stick-meta":"","header-main-stick-meta":"","header-below-stick-meta":"","astra-migrate-meta-layouts":"set","ast-page-background-enabled":"default","ast-page-background-meta":{"desktop":{"background-color":"var(--ast-global-color-4)","background-image":"","background-repeat":"repeat","background-position":"center center","background-size":"auto","background-attachment":"scroll","background-type":"","background-media":"","overlay-type":"","overlay-color":"","overlay-opacity":"","overlay-gradient":""},"tablet":{"background-color":"","background-image":"","background-repeat":"repeat","background-position":"center center","background-size":"auto","background-attachment":"scroll","background-type":"","background-media":"","overlay-type":"","overlay-color":"","overlay-opacity":"","overlay-gradient":""},"mobile":{"background-color":"","background-image":"","background-repeat":"repeat","background-position":"center center","background-size":"auto","background-attachment":"scroll","background-type":"","background-media":"","overlay-type":"","overlay-color":"","overlay-opacity":"","overlay-gradient":""}},"ast-content-background-meta":{"desktop":{"background-color":"var(--ast-global-color-5)","background-image":"","background-repeat":"repeat","background-position":"center center","background-size":"auto","background-attachment":"scroll","background-type":"","background-media":"","overlay-type":"","overlay-color":"","overlay-opacity":"","overlay-gradient":""},"tablet":{"background-color":"var(--ast-global-color-5)","background-image":"","background-repeat":"repeat","background-position":"center center","background-size":"auto","background-attachment":"scroll","background-type":"","background-media":"","overlay-type":"","overlay-color":"","overlay-opacity":"","overlay-gradient":""},"mobile":{"background-color":"var(--ast-global-color-5)","background-image":"","background-repeat":"repeat","background-position":"center center","background-size":"auto","background-attachment":"scroll","background-type":"","background-media":"","overlay-type":"","overlay-color":"","overlay-opacity":"","overlay-gradient":""}}},"product_brand":[],"product_cat":[45],"product_tag":[],"class_list":{"0":"post-925","1":"product","2":"type-product","3":"status-publish","4":"has-post-thumbnail","6":"product_cat-conference-microphone","7":"desktop-align-left","8":"tablet-align-left","9":"mobile-align-left","11":"first","12":"instock","13":"shipping-taxable","14":"product-type-simple"},"_links":{"self":[{"href":"https:\/\/todun2007.com\/index.php\/wp-json\/wp\/v2\/product\/925","targetHints":{"allow":["GET"]}}],"collection":[{"href":"https:\/\/todun2007.com\/index.php\/wp-json\/wp\/v2\/product"}],"about":[{"href":"https:\/\/todun2007.com\/index.php\/wp-json\/wp\/v2\/types\/product"}],"replies":[{"embeddable":true,"href":"https:\/\/todun2007.com\/index.php\/wp-json\/wp\/v2\/comments?post=925"}],"wp:featuredmedia":[{"embeddable":true,"href":"https:\/\/todun2007.com\/index.php\/wp-json\/wp\/v2\/media\/926"}],"wp:attachment":[{"href":"https:\/\/todun2007.com\/index.php\/wp-json\/wp\/v2\/media?parent=925"}],"wp:term":[{"taxonomy":"product_brand","embeddable":true,"href":"https:\/\/todun2007.com\/index.php\/wp-json\/wp\/v2\/product_brand?post=925"},{"taxonomy":"product_cat","embeddable":true,"href":"https:\/\/todun2007.com\/index.php\/wp-json\/wp\/v2\/product_cat?post=925"},{"taxonomy":"product_tag","embeddable":true,"href":"https:\/\/todun2007.com\/index.php\/wp-json\/wp\/v2\/product_tag?post=925"}],"curies":[{"name":"wp","href":"https:\/\/api.w.org\/{rel}","templated":true}]}}